{"id":681,"date":"2021-04-15T14:57:26","date_gmt":"2021-04-15T12:57:26","guid":{"rendered":"https:\/\/www.gonextcloud.com\/?page_id=681"},"modified":"2021-04-15T15:15:32","modified_gmt":"2021-04-15T13:15:32","slug":"ueber-uns","status":"publish","type":"page","link":"https:\/\/www.filebanking.com\/de\/ueber-uns\/","title":{"rendered":"\u00dcber uns"},"content":{"rendered":"\n<div class=\"wp-block-cover alignfull has-background-dim\" style=\"background-color:#068bd4;min-height:400px;aspect-ratio:unset;\"><img loading=\"lazy\" decoding=\"async\" width=\"1000\" height=\"666\" class=\"wp-block-cover__image-background wp-image-391\" alt=\"\" src=\"https:\/\/www.filebanking.com\/wp-content\/uploads\/2021\/04\/koerblergonextcloud.jpg\" data-object-fit=\"cover\" srcset=\"https:\/\/www.filebanking.com\/wp-content\/uploads\/2021\/04\/koerblergonextcloud.jpg 1000w, https:\/\/www.filebanking.com\/wp-content\/uploads\/2021\/04\/koerblergonextcloud-300x200.jpg 300w, https:\/\/www.filebanking.com\/wp-content\/uploads\/2021\/04\/koerblergonextcloud-768x511.jpg 768w, https:\/\/www.filebanking.com\/wp-content\/uploads\/2021\/04\/koerblergonextcloud-930x620.jpg 930w\" sizes=\"auto, (max-width: 1000px) 100vw, 1000px\" \/><div class=\"wp-block-cover__inner-container is-layout-flow wp-block-cover-is-layout-flow\">\n<div class=\"wp-block-group\"><div class=\"wp-block-group__inner-container is-layout-flow wp-block-group-is-layout-flow\">\n<h1 class=\"alignfull has-text-align-center has-nv-text-dark-bg-color has-text-color wp-block-heading\">\u00dcber FileBanking<\/h1>\n\n\n\n<p class=\"has-text-align-center has-nv-text-dark-bg-color has-text-color\">FileBanking ist eine Einheit von Koerbler &#8211; Internet-Marketingagentur aus \u00d6sterreich. <\/p>\n<\/div><\/div>\n<\/div><\/div>\n\n\n\n<div class=\"wp-block-cover alignfull has-nv-light-bg-background-color has-background-dim\" style=\"min-height:600px;aspect-ratio:unset;\"><div class=\"wp-block-cover__inner-container is-layout-flow wp-block-cover-is-layout-flow\">\n<div class=\"wp-block-group\"><div class=\"wp-block-group__inner-container is-layout-flow wp-block-group-is-layout-flow\">\n<div style=\"height:80px\" aria-hidden=\"true\" class=\"wp-block-spacer\"><\/div>\n\n\n\n<div class=\"wp-block-columns are-vertically-aligned-center is-layout-flex wp-container-core-columns-is-layout-9d6595d7 wp-block-columns-is-layout-flex\">\n<div class=\"wp-block-column is-vertically-aligned-center is-layout-flow wp-block-column-is-layout-flow\" style=\"flex-basis:50%\">\n<figure class=\"wp-block-image size-large\"><img loading=\"lazy\" decoding=\"async\" width=\"1000\" height=\"666\" src=\"https:\/\/www.filebanking.com\/wp-content\/uploads\/2021\/04\/koerblergonextcloud.jpg\" alt=\"\" class=\"wp-image-391\" srcset=\"https:\/\/www.filebanking.com\/wp-content\/uploads\/2021\/04\/koerblergonextcloud.jpg 1000w, https:\/\/www.filebanking.com\/wp-content\/uploads\/2021\/04\/koerblergonextcloud-300x200.jpg 300w, https:\/\/www.filebanking.com\/wp-content\/uploads\/2021\/04\/koerblergonextcloud-768x511.jpg 768w, https:\/\/www.filebanking.com\/wp-content\/uploads\/2021\/04\/koerblergonextcloud-930x620.jpg 930w\" sizes=\"auto, (max-width: 1000px) 100vw, 1000px\" \/><\/figure>\n<\/div>\n\n\n\n<div class=\"wp-block-column is-vertically-aligned-center is-layout-flow wp-block-column-is-layout-flow\" style=\"flex-basis:50%\">\n<h2 class=\"has-neve-text-color-color has-text-color wp-block-heading\">Koerbler<\/h2>\n\n\n\n<p class=\"has-neve-text-color-color has-text-color has-medium-font-size\">Sicherheit, Performance, und Verl\u00e4sslichkeit &#8211; alles aus einer Hand<\/p>\n\n\n\n<p class=\"has-neve-text-color-color has-text-color\">Koerbler ist eine leitende Werbeagentur in der S\u00fcdsteiermark. Seit der Gr\u00fcndung 2002, beschreitet Koerbler st\u00e4ndig neue Wege um unsere Mission zu erf\u00fcllen: Unternehmen und Organisationen bei der Digitalisierung ihrer Organisation zu unterst\u00fctzen.<\/p>\n<\/div>\n<\/div>\n\n\n\n<div style=\"height:40px\" aria-hidden=\"true\" class=\"wp-block-spacer\"><\/div>\n<\/div><\/div>\n<\/div><\/div>\n\n\n\n<div class=\"wp-block-cover alignfull has-nv-site-bg-background-color has-background-dim\" style=\"min-height:420px;aspect-ratio:unset;\"><div class=\"wp-block-cover__inner-container is-layout-flow wp-block-cover-is-layout-flow\">\n<div style=\"height:80px\" aria-hidden=\"true\" class=\"wp-block-spacer\"><\/div>\n\n\n\n<div class=\"wp-block-columns is-layout-flex wp-container-core-columns-is-layout-9d6595d7 wp-block-columns-is-layout-flex\">\n<div class=\"wp-block-column ticss-4ce656f1 is-layout-flow wp-block-column-is-layout-flow\">\n<figure class=\"wp-block-image size-large is-resized icon-style is-style-rounded\"><img loading=\"lazy\" decoding=\"async\" src=\"https:\/\/s33834.pcdn.co\/wp-content\/uploads\/2020\/12\/check-solid-1.svg\" alt=\"\" width=\"48\" height=\"48\"\/><\/figure>\n\n\n\n<h3 class=\"has-text-align-left has-text-align-center has-neve-text-color-color has-text-color wp-block-heading\">Super Effizient<\/h3>\n\n\n\n<p class=\"has-text-align-left has-neve-text-color-color has-text-color\" style=\"font-size:15px\">Unser Rechenzentrum befindet sich in der Europ\u00e4ischen Union und ist einer der f\u00fchrenden Anbieter von Nextcloud-Hosting.<\/p>\n\n\n\n<div style=\"height:20px\" aria-hidden=\"true\" class=\"wp-block-spacer\"><\/div>\n<\/div>\n\n\n\n<div class=\"wp-block-column ticss-f6fc7494 is-layout-flow wp-block-column-is-layout-flow\">\n<figure class=\"wp-block-image size-large is-resized icon-style is-style-rounded\"><img loading=\"lazy\" decoding=\"async\" src=\"https:\/\/s33834.pcdn.co\/wp-content\/uploads\/2020\/12\/check-solid-1.svg\" alt=\"\" width=\"48\" height=\"48\"\/><\/figure>\n\n\n\n<h3 class=\"has-text-align-left has-text-align-center has-neve-text-color-color has-text-color wp-block-heading\">Sehr Engagiert<\/h3>\n\n\n\n<p class=\"has-text-align-left has-neve-text-color-color has-text-color\" style=\"font-size:15px\">Wir f\u00fchlen uns unseren Kunden verpflichtet und erm\u00f6glichen unseren Kunden, ihr gesamtes Unternehmen zu digitalisieren.<\/p>\n\n\n\n<div style=\"height:20px\" aria-hidden=\"true\" class=\"wp-block-spacer\"><\/div>\n<\/div>\n\n\n\n<div class=\"wp-block-column ticss-a5b4df29 is-layout-flow wp-block-column-is-layout-flow\">\n<figure class=\"wp-block-image size-large is-resized icon-style is-style-rounded\"><img loading=\"lazy\" decoding=\"async\" src=\"https:\/\/s33834.pcdn.co\/wp-content\/uploads\/2020\/12\/check-solid-1.svg\" alt=\"\" width=\"48\" height=\"48\"\/><\/figure>\n\n\n\n<h3 class=\"has-text-align-left has-text-align-center has-neve-text-color-color has-text-color wp-block-heading\">Hoch Qualifiziert<\/h3>\n\n\n\n<p class=\"has-text-align-left has-neve-text-color-color has-text-color\" style=\"font-size:15px\">Unsere 25 Mitarbeiter sind IT-Experten mit langj\u00e4hriger Erfahrung in der Webentwicklung und im Webhosting. <\/p>\n\n\n\n<div style=\"height:20px\" aria-hidden=\"true\" class=\"wp-block-spacer\"><\/div>\n<\/div>\n<\/div>\n\n\n\n<div style=\"height:30px\" aria-hidden=\"true\" class=\"wp-block-spacer\"><\/div>\n<\/div><\/div>\n","protected":false},"excerpt":{"rendered":"","protected":false},"author":1,"featured_media":0,"parent":0,"menu_order":0,"comment_status":"closed","ping_status":"closed","template":"","meta":{"neve_meta_sidebar":"full-width","neve_meta_container":"","neve_meta_enable_content_width":"on","neve_meta_content_width":100,"neve_meta_title_alignment":"","neve_meta_author_avatar":"","neve_post_elements_order":"","neve_meta_disable_header":"","neve_meta_disable_footer":"","neve_meta_disable_title":"on","_ti_tpc_template_sync":false,"_ti_tpc_template_id":"","footnotes":""},"class_list":["post-681","page","type-page","status-publish","hentry"],"yoast_head":"<!-- This site is optimized with the Yoast SEO plugin v18.2 - https:\/\/yoast.com\/wordpress\/plugins\/seo\/ -->\n<title>\u00dcber uns - FileBanking<\/title>\n<meta name=\"robots\" content=\"index, follow, max-snippet:-1, max-image-preview:large, max-video-preview:-1\" \/>\n<link rel=\"canonical\" href=\"https:\/\/www.filebanking.com\/de\/ueber-uns\/\" \/>\n<meta property=\"og:locale\" content=\"de_DE\" \/>\n<meta property=\"og:type\" content=\"article\" \/>\n<meta property=\"og:title\" content=\"\u00dcber uns - FileBanking\" \/>\n<meta property=\"og:url\" content=\"https:\/\/www.filebanking.com\/de\/ueber-uns\/\" \/>\n<meta property=\"og:site_name\" content=\"FileBanking\" \/>\n<meta property=\"article:modified_time\" content=\"2021-04-15T13:15:32+00:00\" \/>\n<meta property=\"og:image\" content=\"https:\/\/www.filebanking.com\/wp-content\/uploads\/2021\/04\/koerblergonextcloud.jpg\" \/>\n<meta name=\"twitter:card\" content=\"summary_large_image\" \/>\n<meta name=\"twitter:label1\" content=\"Gesch\u00e4tzte Lesezeit\" \/>\n\t<meta name=\"twitter:data1\" content=\"2\u00a0Minuten\" \/>\n<script type=\"application\/ld+json\" class=\"yoast-schema-graph\">{\"@context\":\"https:\/\/schema.org\",\"@graph\":[{\"@type\":\"WebSite\",\"@id\":\"https:\/\/www.filebanking.com\/#website\",\"url\":\"https:\/\/www.filebanking.com\/\",\"name\":\"FileBanking\",\"description\":\"NextCloud Hosting\",\"potentialAction\":[{\"@type\":\"SearchAction\",\"target\":{\"@type\":\"EntryPoint\",\"urlTemplate\":\"https:\/\/www.filebanking.com\/?s={search_term_string}\"},\"query-input\":\"required name=search_term_string\"}],\"inLanguage\":\"de\"},{\"@type\":\"ImageObject\",\"@id\":\"https:\/\/www.filebanking.com\/de\/ueber-uns\/#primaryimage\",\"inLanguage\":\"de\",\"url\":\"https:\/\/www.filebanking.com\/wp-content\/uploads\/2021\/04\/koerblergonextcloud.jpg\",\"contentUrl\":\"https:\/\/www.filebanking.com\/wp-content\/uploads\/2021\/04\/koerblergonextcloud.jpg\",\"width\":1000,\"height\":666},{\"@type\":\"WebPage\",\"@id\":\"https:\/\/www.filebanking.com\/de\/ueber-uns\/#webpage\",\"url\":\"https:\/\/www.filebanking.com\/de\/ueber-uns\/\",\"name\":\"\u00dcber uns - FileBanking\",\"isPartOf\":{\"@id\":\"https:\/\/www.filebanking.com\/#website\"},\"primaryImageOfPage\":{\"@id\":\"https:\/\/www.filebanking.com\/de\/ueber-uns\/#primaryimage\"},\"datePublished\":\"2021-04-15T12:57:26+00:00\",\"dateModified\":\"2021-04-15T13:15:32+00:00\",\"breadcrumb\":{\"@id\":\"https:\/\/www.filebanking.com\/de\/ueber-uns\/#breadcrumb\"},\"inLanguage\":\"de\",\"potentialAction\":[{\"@type\":\"ReadAction\",\"target\":[\"https:\/\/www.filebanking.com\/de\/ueber-uns\/\"]}]},{\"@type\":\"BreadcrumbList\",\"@id\":\"https:\/\/www.filebanking.com\/de\/ueber-uns\/#breadcrumb\",\"itemListElement\":[{\"@type\":\"ListItem\",\"position\":1,\"name\":\"Home\",\"item\":\"https:\/\/www.filebanking.com\/de\/\"},{\"@type\":\"ListItem\",\"position\":2,\"name\":\"\u00dcber uns\"}]}]}<\/script>\n<!-- \/ Yoast SEO plugin. -->","yoast_head_json":{"title":"\u00dcber uns - FileBanking","robots":{"index":"index","follow":"follow","max-snippet":"max-snippet:-1","max-image-preview":"max-image-preview:large","max-video-preview":"max-video-preview:-1"},"canonical":"https:\/\/www.filebanking.com\/de\/ueber-uns\/","og_locale":"de_DE","og_type":"article","og_title":"\u00dcber uns - FileBanking","og_url":"https:\/\/www.filebanking.com\/de\/ueber-uns\/","og_site_name":"FileBanking","article_modified_time":"2021-04-15T13:15:32+00:00","og_image":[{"url":"https:\/\/www.filebanking.com\/wp-content\/uploads\/2021\/04\/koerblergonextcloud.jpg"}],"twitter_card":"summary_large_image","twitter_misc":{"Gesch\u00e4tzte Lesezeit":"2\u00a0Minuten"},"schema":{"@context":"https:\/\/schema.org","@graph":[{"@type":"WebSite","@id":"https:\/\/www.filebanking.com\/#website","url":"https:\/\/www.filebanking.com\/","name":"FileBanking","description":"NextCloud Hosting","potentialAction":[{"@type":"SearchAction","target":{"@type":"EntryPoint","urlTemplate":"https:\/\/www.filebanking.com\/?s={search_term_string}"},"query-input":"required name=search_term_string"}],"inLanguage":"de"},{"@type":"ImageObject","@id":"https:\/\/www.filebanking.com\/de\/ueber-uns\/#primaryimage","inLanguage":"de","url":"https:\/\/www.filebanking.com\/wp-content\/uploads\/2021\/04\/koerblergonextcloud.jpg","contentUrl":"https:\/\/www.filebanking.com\/wp-content\/uploads\/2021\/04\/koerblergonextcloud.jpg","width":1000,"height":666},{"@type":"WebPage","@id":"https:\/\/www.filebanking.com\/de\/ueber-uns\/#webpage","url":"https:\/\/www.filebanking.com\/de\/ueber-uns\/","name":"\u00dcber uns - FileBanking","isPartOf":{"@id":"https:\/\/www.filebanking.com\/#website"},"primaryImageOfPage":{"@id":"https:\/\/www.filebanking.com\/de\/ueber-uns\/#primaryimage"},"datePublished":"2021-04-15T12:57:26+00:00","dateModified":"2021-04-15T13:15:32+00:00","breadcrumb":{"@id":"https:\/\/www.filebanking.com\/de\/ueber-uns\/#breadcrumb"},"inLanguage":"de","potentialAction":[{"@type":"ReadAction","target":["https:\/\/www.filebanking.com\/de\/ueber-uns\/"]}]},{"@type":"BreadcrumbList","@id":"https:\/\/www.filebanking.com\/de\/ueber-uns\/#breadcrumb","itemListElement":[{"@type":"ListItem","position":1,"name":"Home","item":"https:\/\/www.filebanking.com\/de\/"},{"@type":"ListItem","position":2,"name":"\u00dcber uns"}]}]}},"_links":{"self":[{"href":"https:\/\/www.filebanking.com\/de\/wp-json\/wp\/v2\/pages\/681","targetHints":{"allow":["GET"]}}],"collection":[{"href":"https:\/\/www.filebanking.com\/de\/wp-json\/wp\/v2\/pages"}],"about":[{"href":"https:\/\/www.filebanking.com\/de\/wp-json\/wp\/v2\/types\/page"}],"author":[{"embeddable":true,"href":"https:\/\/www.filebanking.com\/de\/wp-json\/wp\/v2\/users\/1"}],"replies":[{"embeddable":true,"href":"https:\/\/www.filebanking.com\/de\/wp-json\/wp\/v2\/comments?post=681"}],"version-history":[{"count":17,"href":"https:\/\/www.filebanking.com\/de\/wp-json\/wp\/v2\/pages\/681\/revisions"}],"predecessor-version":[{"id":702,"href":"https:\/\/www.filebanking.com\/de\/wp-json\/wp\/v2\/pages\/681\/revisions\/702"}],"wp:attachment":[{"href":"https:\/\/www.filebanking.com\/de\/wp-json\/wp\/v2\/media?parent=681"}],"curies":[{"name":"wp","href":"https:\/\/api.w.org\/{rel}","templated":true}]}}